{"id":449,"date":"2024-08-25T08:13:25","date_gmt":"2024-08-25T08:13:25","guid":{"rendered":"https:\/\/teamvia.cz\/?page_id=449"},"modified":"2026-03-22T10:25:25","modified_gmt":"2026-03-22T10:25:25","slug":"business-services","status":"publish","type":"page","link":"https:\/\/teamvia.cz\/cz\/","title":{"rendered":"TeamVia Business Services"},"content":{"rendered":"<div data-elementor-type=\"wp-page\" data-elementor-id=\"449\" class=\"elementor elementor-449\">\n\t\t\t\t\t\t<section class=\"elementor-section elementor-top-section elementor-element elementor-element-9aec7ff elementor-section-boxed elementor-section-height-default elementor-section-height-default\" data-id=\"9aec7ff\" data-element_type=\"section\" data-e-type=\"section\" data-settings=\"{&quot;animation&quot;:&quot;none&quot;}\">\n\t\t\t\t\t\t<div class=\"elementor-container elementor-column-gap-default\">\n\t\t\t\t\t<div class=\"elementor-column elementor-col-100 elementor-top-column elementor-element elementor-element-3d493e6\" data-id=\"3d493e6\" data-element_type=\"column\" data-e-type=\"column\">\n\t\t\t<div class=\"elementor-widget-wrap elementor-element-populated\">\n\t\t\t\t\t\t<div class=\"elementor-element elementor-element-10b92d6 elementor-widget elementor-widget-image\" data-id=\"10b92d6\" data-element_type=\"widget\" data-e-type=\"widget\" data-widget_type=\"image.default\">\n\t\t\t\t<div class=\"elementor-widget-container\">\n\t\t\t\t\t\t\t\t\t\t\t\t\t\t\t<img fetchpriority=\"high\" decoding=\"async\" width=\"750\" height=\"450\" src=\"https:\/\/teamvia.cz\/wp-content\/uploads\/2020\/10\/shutterstock_1573271998-2.jpg\" class=\"attachment-medium_large size-medium_large wp-image-357\" alt=\"\" \/>\t\t\t\t\t\t\t\t\t\t\t\t\t\t\t<\/div>\n\t\t\t\t<\/div>\n\t\t\t\t<div class=\"elementor-element elementor-element-aea58c3 elementor-widget elementor-widget-spacer\" data-id=\"aea58c3\" data-element_type=\"widget\" data-e-type=\"widget\" data-widget_type=\"spacer.default\">\n\t\t\t\t<div class=\"elementor-widget-container\">\n\t\t\t\t\t\t\t<div class=\"elementor-spacer\">\n\t\t\t<div class=\"elementor-spacer-inner\"><\/div>\n\t\t<\/div>\n\t\t\t\t\t\t<\/div>\n\t\t\t\t<\/div>\n\t\t\t\t<div class=\"elementor-element elementor-element-73d1520 elementor-invisible elementor-widget elementor-widget-text-editor\" data-id=\"73d1520\" data-element_type=\"widget\" data-e-type=\"widget\" data-settings=\"{&quot;_animation&quot;:&quot;fadeInDown&quot;}\" data-widget_type=\"text-editor.default\">\n\t\t\t\t<div class=\"elementor-widget-container\">\n\t\t\t\t\t\t\t\t\t<p style=\"text-align: center;\"><span style=\"color: #27004e;\"><\/span><\/p><p style=\"text-align: center;\"><span style=\"color: #27004e;\"><strong>Spokojen\u00fd z\u00e1kazn\u00edk, spokojen\u00fd dopravce jsou pro n\u00e1s na 1. m\u00edst\u011b<\/strong><\/span><\/p><p style=\"text-align: center;\"><span style=\"color: #27004e;\"><strong>Na\u0161i dopravci disponuj\u00ed vlastn\u00edmi skladovac\u00edmi kapacitami<\/strong><\/span><\/p><p style=\"text-align: center;\"><span style=\"color: #27004e;\"><strong>V\u017edy se sna\u017e\u00edme naj\u00edt nejlep\u0161\u00ed mo\u017en\u00e9 spedi\u010dn\u00ed \u0159e\u0161en\u00ed<\/strong><\/span><\/p><p style=\"text-align: center;\"><span style=\"color: #27004e;\"><strong>Dopravce v\u017edy vyb\u00edr\u00e1me na z\u00e1klad\u011b zku\u0161enost\u00ed a kvality poskytovan\u00fdch slu\u017eeb<\/strong><\/span><\/p><p style=\"text-align: center;\"><span style=\"color: #27004e;\"><strong>P\u016fsob\u00edme v cel\u00e9 EU, zvl\u00e1\u0161tn\u00ed kontakty m\u00e1me na Polsko<\/strong><\/span><\/p><p style=\"text-align: center;\"><span style=\"color: #27004e;\"><strong>V\u0161echny z\u00e1silky jsou poji\u0161t\u011bny dle CMR a v p\u0159\u00edpad\u011b pot\u0159eby je lze p\u0159ipojistit<\/strong><\/span><\/p><p style=\"text-align: center;\"><span style=\"color: #27004e;\"><strong>R\u00e1di V\u00e1m zdarma nacen\u00edme Va\u0161i popt\u00e1vku<\/strong><\/span><\/p><p style=\"text-align: center;\"><\/p><p style=\"text-align: center;\"><\/p>\t\t\t\t\t\t\t\t<\/div>\n\t\t\t\t<\/div>\n\t\t\t\t<div class=\"elementor-element elementor-element-2359f41 elementor-widget elementor-widget-spacer\" data-id=\"2359f41\" data-element_type=\"widget\" data-e-type=\"widget\" data-widget_type=\"spacer.default\">\n\t\t\t\t<div class=\"elementor-widget-container\">\n\t\t\t\t\t\t\t<div class=\"elementor-spacer\">\n\t\t\t<div class=\"elementor-spacer-inner\"><\/div>\n\t\t<\/div>\n\t\t\t\t\t\t<\/div>\n\t\t\t\t<\/div>\n\t\t\t\t\t<\/div>\n\t\t<\/div>\n\t\t\t\t\t<\/div>\n\t\t<\/section>\n\t\t\t\t<section class=\"elementor-section elementor-top-section elementor-element elementor-element-891c390 elementor-section-boxed elementor-section-height-default elementor-section-height-default\" data-id=\"891c390\" data-element_type=\"section\" data-e-type=\"section\">\n\t\t\t\t\t\t<div class=\"elementor-container elementor-column-gap-default\">\n\t\t\t\t\t<div class=\"elementor-column elementor-col-100 elementor-top-column elementor-element elementor-element-cb11e13\" data-id=\"cb11e13\" data-element_type=\"column\" data-e-type=\"column\">\n\t\t\t<div class=\"elementor-widget-wrap elementor-element-populated\">\n\t\t\t\t\t\t<div class=\"elementor-element elementor-element-d10bb72 elementor-widget elementor-widget-heading\" data-id=\"d10bb72\" data-element_type=\"widget\" data-e-type=\"widget\" data-widget_type=\"heading.default\">\n\t\t\t\t<div class=\"elementor-widget-container\">\n\t\t\t\t\t<h2 class=\"elementor-heading-title elementor-size-large\">Kde n\u00e1s najdete<\/h2>\t\t\t\t<\/div>\n\t\t\t\t<\/div>\n\t\t\t\t\t<\/div>\n\t\t<\/div>\n\t\t\t\t\t<\/div>\n\t\t<\/section>\n\t\t\t\t<section class=\"elementor-section elementor-top-section elementor-element elementor-element-1a63aa5 elementor-section-boxed elementor-section-height-default elementor-section-height-default\" data-id=\"1a63aa5\" data-element_type=\"section\" data-e-type=\"section\">\n\t\t\t\t\t\t<div class=\"elementor-container elementor-column-gap-default\">\n\t\t\t\t\t<div class=\"elementor-column elementor-col-100 elementor-top-column elementor-element elementor-element-0380007\" data-id=\"0380007\" data-element_type=\"column\" data-e-type=\"column\">\n\t\t\t<div class=\"elementor-widget-wrap elementor-element-populated\">\n\t\t\t\t\t\t<div class=\"elementor-element elementor-element-2f8ae66 elementor-widget elementor-widget-google_maps\" data-id=\"2f8ae66\" data-element_type=\"widget\" data-e-type=\"widget\" data-widget_type=\"google_maps.default\">\n\t\t\t\t<div class=\"elementor-widget-container\">\n\t\t\t\t\t\t\t<div class=\"elementor-custom-embed\">\n\t\t\t<iframe loading=\"lazy\"\n\t\t\t\t\tsrc=\"https:\/\/maps.google.com\/maps?q=Fabi%C3%A1nova%201275%2F6%20%2C%20150%2000%20Praha%205&#038;t=m&#038;z=8&#038;output=embed&#038;iwloc=near\"\n\t\t\t\t\ttitle=\"Fabi\u00e1nova 1275\/6 , 150 00 Praha 5\"\n\t\t\t\t\taria-label=\"Fabi\u00e1nova 1275\/6 , 150 00 Praha 5\"\n\t\t\t><\/iframe>\n\t\t<\/div>\n\t\t\t\t\t\t<\/div>\n\t\t\t\t<\/div>\n\t\t\t\t\t<\/div>\n\t\t<\/div>\n\t\t\t\t\t<\/div>\n\t\t<\/section>\n\t\t\t\t<section class=\"elementor-section elementor-top-section elementor-element elementor-element-7034c5f elementor-section-boxed elementor-section-height-default elementor-section-height-default\" data-id=\"7034c5f\" data-element_type=\"section\" data-e-type=\"section\">\n\t\t\t\t\t\t<div class=\"elementor-container elementor-column-gap-default\">\n\t\t\t\t\t<div class=\"elementor-column elementor-col-100 elementor-top-column elementor-element elementor-element-e2ba5a7\" data-id=\"e2ba5a7\" data-element_type=\"column\" data-e-type=\"column\">\n\t\t\t<div class=\"elementor-widget-wrap elementor-element-populated\">\n\t\t\t\t\t\t<div class=\"elementor-element elementor-element-d69c968 elementor-widget elementor-widget-spacer\" data-id=\"d69c968\" data-element_type=\"widget\" data-e-type=\"widget\" data-widget_type=\"spacer.default\">\n\t\t\t\t<div class=\"elementor-widget-container\">\n\t\t\t\t\t\t\t<div class=\"elementor-spacer\">\n\t\t\t<div class=\"elementor-spacer-inner\"><\/div>\n\t\t<\/div>\n\t\t\t\t\t\t<\/div>\n\t\t\t\t<\/div>\n\t\t\t\t\t<\/div>\n\t\t<\/div>\n\t\t\t\t\t<\/div>\n\t\t<\/section>\n\t\t\t\t<\/div>","protected":false},"excerpt":{"rendered":"","protected":false},"author":1,"featured_media":0,"parent":0,"menu_order":0,"comment_status":"closed","ping_status":"closed","template":"","meta":{"footnotes":""},"class_list":["post-449","page","type-page","status-publish","hentry"],"yoast_head":"<!-- This site is optimized with the Yoast SEO plugin v26.9 - https:\/\/yoast.com\/product\/yoast-seo-wordpress\/ -->\n<title>TeamVia Business Services - Consulting-Accounting-Logistics<\/title>\n<meta name=\"robots\" content=\"noindex, follow, max-snippet:-1, max-image-preview:large, max-video-preview:-1\" \/>\n<meta property=\"og:locale\" content=\"cs_CZ\" \/>\n<meta property=\"og:type\" content=\"article\" \/>\n<meta property=\"og:title\" content=\"TeamVia Business Services - Consulting-Accounting-Logistics\" \/>\n<meta property=\"og:url\" content=\"https:\/\/teamvia.cz\/cz\/\" \/>\n<meta property=\"og:site_name\" content=\"Consulting-Accounting-Logistics\" \/>\n<meta property=\"article:modified_time\" content=\"2026-03-22T10:25:25+00:00\" \/>\n<meta property=\"og:image\" content=\"https:\/\/teamvia.cz\/wp-content\/uploads\/2026\/03\/image.png\" \/>\n\t<meta property=\"og:image:width\" content=\"945\" \/>\n\t<meta property=\"og:image:height\" content=\"534\" \/>\n\t<meta property=\"og:image:type\" content=\"image\/png\" \/>\n<meta name=\"twitter:card\" content=\"summary_large_image\" \/>\n<meta name=\"twitter:label1\" content=\"Odhadovan\u00e1 doba \u010dten\u00ed\" \/>\n\t<meta name=\"twitter:data1\" content=\"1 minuta\" \/>\n<script type=\"application\/ld+json\" class=\"yoast-schema-graph\">{\"@context\":\"https:\/\/schema.org\",\"@graph\":[{\"@type\":\"WebPage\",\"@id\":\"https:\/\/teamvia.cz\/\",\"url\":\"https:\/\/teamvia.cz\/\",\"name\":\"TeamVia Business Services - Consulting-Accounting-Logistics\",\"isPartOf\":{\"@id\":\"https:\/\/teamvia.cz\/#website\"},\"primaryImageOfPage\":{\"@id\":\"https:\/\/teamvia.cz\/#primaryimage\"},\"image\":{\"@id\":\"https:\/\/teamvia.cz\/#primaryimage\"},\"thumbnailUrl\":\"https:\/\/teamvia.cz\/wp-content\/uploads\/2026\/03\/image-300x170.png\",\"datePublished\":\"2024-08-25T08:13:25+00:00\",\"dateModified\":\"2026-03-22T10:25:25+00:00\",\"breadcrumb\":{\"@id\":\"https:\/\/teamvia.cz\/#breadcrumb\"},\"inLanguage\":\"cs\",\"potentialAction\":[{\"@type\":\"ReadAction\",\"target\":[\"https:\/\/teamvia.cz\/\"]}]},{\"@type\":\"ImageObject\",\"inLanguage\":\"cs\",\"@id\":\"https:\/\/teamvia.cz\/#primaryimage\",\"url\":\"https:\/\/teamvia.cz\/wp-content\/uploads\/2026\/03\/image-300x170.png\",\"contentUrl\":\"https:\/\/teamvia.cz\/wp-content\/uploads\/2026\/03\/image-300x170.png\"},{\"@type\":\"BreadcrumbList\",\"@id\":\"https:\/\/teamvia.cz\/#breadcrumb\",\"itemListElement\":[{\"@type\":\"ListItem\",\"position\":1,\"name\":\"Dom\u016f\",\"item\":\"https:\/\/teamvia.cz\/\"},{\"@type\":\"ListItem\",\"position\":2,\"name\":\"TeamVia Business Services\"}]},{\"@type\":\"WebSite\",\"@id\":\"https:\/\/teamvia.cz\/#website\",\"url\":\"https:\/\/teamvia.cz\/\",\"name\":\"Teamvia\",\"description\":\"\",\"publisher\":{\"@id\":\"https:\/\/teamvia.cz\/#organization\"},\"potentialAction\":[{\"@type\":\"SearchAction\",\"target\":{\"@type\":\"EntryPoint\",\"urlTemplate\":\"https:\/\/teamvia.cz\/?s={search_term_string}\"},\"query-input\":{\"@type\":\"PropertyValueSpecification\",\"valueRequired\":true,\"valueName\":\"search_term_string\"}}],\"inLanguage\":\"cs\"},{\"@type\":\"Organization\",\"@id\":\"https:\/\/teamvia.cz\/#organization\",\"name\":\"TeamVia\",\"url\":\"https:\/\/teamvia.cz\/\",\"logo\":{\"@type\":\"ImageObject\",\"inLanguage\":\"cs\",\"@id\":\"https:\/\/teamvia.cz\/#\/schema\/logo\/image\/\",\"url\":\"https:\/\/teamvia.cz\/wp-content\/uploads\/2025\/02\/Logo-TeamVia-incl.-Trademart.jpg\",\"contentUrl\":\"https:\/\/teamvia.cz\/wp-content\/uploads\/2025\/02\/Logo-TeamVia-incl.-Trademart.jpg\",\"width\":203,\"height\":44,\"caption\":\"TeamVia\"},\"image\":{\"@id\":\"https:\/\/teamvia.cz\/#\/schema\/logo\/image\/\"}}]}<\/script>\n<!-- \/ Yoast SEO plugin. -->","yoast_head_json":{"title":"TeamVia Business Services - Consulting-Accounting-Logistics","robots":{"index":"noindex","follow":"follow","max-snippet":"max-snippet:-1","max-image-preview":"max-image-preview:large","max-video-preview":"max-video-preview:-1"},"og_locale":"cs_CZ","og_type":"article","og_title":"TeamVia Business Services - Consulting-Accounting-Logistics","og_url":"https:\/\/teamvia.cz\/cz\/","og_site_name":"Consulting-Accounting-Logistics","article_modified_time":"2026-03-22T10:25:25+00:00","og_image":[{"width":945,"height":534,"url":"https:\/\/teamvia.cz\/wp-content\/uploads\/2026\/03\/image.png","type":"image\/png"}],"twitter_card":"summary_large_image","twitter_misc":{"Odhadovan\u00e1 doba \u010dten\u00ed":"1 minuta"},"schema":{"@context":"https:\/\/schema.org","@graph":[{"@type":"WebPage","@id":"https:\/\/teamvia.cz\/","url":"https:\/\/teamvia.cz\/","name":"TeamVia Business Services - Consulting-Accounting-Logistics","isPartOf":{"@id":"https:\/\/teamvia.cz\/#website"},"primaryImageOfPage":{"@id":"https:\/\/teamvia.cz\/#primaryimage"},"image":{"@id":"https:\/\/teamvia.cz\/#primaryimage"},"thumbnailUrl":"https:\/\/teamvia.cz\/wp-content\/uploads\/2026\/03\/image-300x170.png","datePublished":"2024-08-25T08:13:25+00:00","dateModified":"2026-03-22T10:25:25+00:00","breadcrumb":{"@id":"https:\/\/teamvia.cz\/#breadcrumb"},"inLanguage":"cs","potentialAction":[{"@type":"ReadAction","target":["https:\/\/teamvia.cz\/"]}]},{"@type":"ImageObject","inLanguage":"cs","@id":"https:\/\/teamvia.cz\/#primaryimage","url":"https:\/\/teamvia.cz\/wp-content\/uploads\/2026\/03\/image-300x170.png","contentUrl":"https:\/\/teamvia.cz\/wp-content\/uploads\/2026\/03\/image-300x170.png"},{"@type":"BreadcrumbList","@id":"https:\/\/teamvia.cz\/#breadcrumb","itemListElement":[{"@type":"ListItem","position":1,"name":"Dom\u016f","item":"https:\/\/teamvia.cz\/"},{"@type":"ListItem","position":2,"name":"TeamVia Business Services"}]},{"@type":"WebSite","@id":"https:\/\/teamvia.cz\/#website","url":"https:\/\/teamvia.cz\/","name":"Teamvia","description":"","publisher":{"@id":"https:\/\/teamvia.cz\/#organization"},"potentialAction":[{"@type":"SearchAction","target":{"@type":"EntryPoint","urlTemplate":"https:\/\/teamvia.cz\/?s={search_term_string}"},"query-input":{"@type":"PropertyValueSpecification","valueRequired":true,"valueName":"search_term_string"}}],"inLanguage":"cs"},{"@type":"Organization","@id":"https:\/\/teamvia.cz\/#organization","name":"TeamVia","url":"https:\/\/teamvia.cz\/","logo":{"@type":"ImageObject","inLanguage":"cs","@id":"https:\/\/teamvia.cz\/#\/schema\/logo\/image\/","url":"https:\/\/teamvia.cz\/wp-content\/uploads\/2025\/02\/Logo-TeamVia-incl.-Trademart.jpg","contentUrl":"https:\/\/teamvia.cz\/wp-content\/uploads\/2025\/02\/Logo-TeamVia-incl.-Trademart.jpg","width":203,"height":44,"caption":"TeamVia"},"image":{"@id":"https:\/\/teamvia.cz\/#\/schema\/logo\/image\/"}}]}},"_links":{"self":[{"href":"https:\/\/teamvia.cz\/cz\/wp-json\/wp\/v2\/pages\/449","targetHints":{"allow":["GET"]}}],"collection":[{"href":"https:\/\/teamvia.cz\/cz\/wp-json\/wp\/v2\/pages"}],"about":[{"href":"https:\/\/teamvia.cz\/cz\/wp-json\/wp\/v2\/types\/page"}],"author":[{"embeddable":true,"href":"https:\/\/teamvia.cz\/cz\/wp-json\/wp\/v2\/users\/1"}],"replies":[{"embeddable":true,"href":"https:\/\/teamvia.cz\/cz\/wp-json\/wp\/v2\/comments?post=449"}],"version-history":[{"count":3,"href":"https:\/\/teamvia.cz\/cz\/wp-json\/wp\/v2\/pages\/449\/revisions"}],"predecessor-version":[{"id":3154,"href":"https:\/\/teamvia.cz\/cz\/wp-json\/wp\/v2\/pages\/449\/revisions\/3154"}],"wp:attachment":[{"href":"https:\/\/teamvia.cz\/cz\/wp-json\/wp\/v2\/media?parent=449"}],"curies":[{"name":"wp","href":"https:\/\/api.w.org\/{rel}","templated":true}]}}