{"id":467,"date":"2024-08-25T19:03:41","date_gmt":"2024-08-25T19:03:41","guid":{"rendered":"https:\/\/teamvia.cz\/?page_id=467"},"modified":"2026-02-15T10:29:19","modified_gmt":"2026-02-15T10:29:19","slug":"spedice","status":"publish","type":"page","link":"https:\/\/teamvia.cz\/cz\/spedice\/","title":{"rendered":"Spedice"},"content":{"rendered":"<div data-elementor-type=\"wp-page\" data-elementor-id=\"467\" class=\"elementor elementor-467\">\n\t\t\t\t\t\t<section class=\"elementor-section elementor-top-section elementor-element elementor-element-2a5a2a42 elementor-section-content-middle elementor-section-boxed elementor-section-height-default elementor-section-height-default\" data-id=\"2a5a2a42\" data-element_type=\"section\" data-e-type=\"section\">\n\t\t\t\t\t\t<div class=\"elementor-container elementor-column-gap-default\">\n\t\t\t\t\t<div class=\"elementor-column elementor-col-50 elementor-top-column elementor-element elementor-element-3299c5d5\" data-id=\"3299c5d5\" data-element_type=\"column\" data-e-type=\"column\">\n\t\t\t<div class=\"elementor-widget-wrap elementor-element-populated\">\n\t\t\t\t\t\t<div class=\"elementor-element elementor-element-552f14b7 elementor-widget elementor-widget-text-editor\" data-id=\"552f14b7\" data-element_type=\"widget\" data-e-type=\"widget\" data-widget_type=\"text-editor.default\">\n\t\t\t\t<div class=\"elementor-widget-container\">\n\t\t\t\t\t\t\t\t\t<p>O n\u00e1s<\/p>\t\t\t\t\t\t\t\t<\/div>\n\t\t\t\t<\/div>\n\t\t\t\t<div class=\"elementor-element elementor-element-c1efe9c elementor-widget elementor-widget-heading\" data-id=\"c1efe9c\" data-element_type=\"widget\" data-e-type=\"widget\" data-widget_type=\"heading.default\">\n\t\t\t\t<div class=\"elementor-widget-container\">\n\t\t\t\t\t<h3 class=\"elementor-heading-title elementor-size-default\">Spedice &amp; Logistika<\/h3>\t\t\t\t<\/div>\n\t\t\t\t<\/div>\n\t\t\t\t<div class=\"elementor-element elementor-element-235fd05b elementor-widget-divider--view-line_text e-transform elementor-widget-divider--element-align-center elementor-invisible elementor-widget elementor-widget-divider\" data-id=\"235fd05b\" data-element_type=\"widget\" data-e-type=\"widget\" data-settings=\"{&quot;_animation&quot;:&quot;zoomIn&quot;,&quot;_transform_rotateZ_effect&quot;:{&quot;unit&quot;:&quot;px&quot;,&quot;size&quot;:-360,&quot;sizes&quot;:[]},&quot;_transform_rotateZ_effect_tablet&quot;:{&quot;unit&quot;:&quot;deg&quot;,&quot;size&quot;:&quot;&quot;,&quot;sizes&quot;:[]},&quot;_transform_rotateZ_effect_mobile&quot;:{&quot;unit&quot;:&quot;deg&quot;,&quot;size&quot;:&quot;&quot;,&quot;sizes&quot;:[]}}\" data-widget_type=\"divider.default\">\n\t\t\t\t<div class=\"elementor-widget-container\">\n\t\t\t\t\t\t\t<div class=\"elementor-divider\">\n\t\t\t<span class=\"elementor-divider-separator\">\n\t\t\t\t\t\t<\/span>\n\t\t<\/div>\n\t\t\t\t\t\t<\/div>\n\t\t\t\t<\/div>\n\t\t\t\t\t<\/div>\n\t\t<\/div>\n\t\t\t\t<div class=\"elementor-column elementor-col-50 elementor-top-column elementor-element elementor-element-30614d4a\" data-id=\"30614d4a\" data-element_type=\"column\" data-e-type=\"column\">\n\t\t\t<div class=\"elementor-widget-wrap elementor-element-populated\">\n\t\t\t\t\t\t<div class=\"elementor-element elementor-element-4da8166c elementor-widget__width-initial elementor-widget elementor-widget-image\" data-id=\"4da8166c\" data-element_type=\"widget\" data-e-type=\"widget\" data-widget_type=\"image.default\">\n\t\t\t\t<div class=\"elementor-widget-container\">\n\t\t\t\t\t\t\t\t\t\t\t\t\t\t\t<img fetchpriority=\"high\" decoding=\"async\" width=\"2560\" height=\"1205\" src=\"https:\/\/teamvia.cz\/wp-content\/uploads\/2026\/02\/shutterstock_2698629267-scaled.jpg\" class=\"elementor-animation-grow attachment-full size-full wp-image-3131\" alt=\"\" srcset=\"https:\/\/teamvia.cz\/wp-content\/uploads\/2026\/02\/shutterstock_2698629267-scaled.jpg 2560w, https:\/\/teamvia.cz\/wp-content\/uploads\/2026\/02\/shutterstock_2698629267-300x141.jpg 300w, https:\/\/teamvia.cz\/wp-content\/uploads\/2026\/02\/shutterstock_2698629267-1024x482.jpg 1024w, https:\/\/teamvia.cz\/wp-content\/uploads\/2026\/02\/shutterstock_2698629267-768x361.jpg 768w, https:\/\/teamvia.cz\/wp-content\/uploads\/2026\/02\/shutterstock_2698629267-1536x723.jpg 1536w, https:\/\/teamvia.cz\/wp-content\/uploads\/2026\/02\/shutterstock_2698629267-2048x964.jpg 2048w, https:\/\/teamvia.cz\/wp-content\/uploads\/2026\/02\/shutterstock_2698629267-18x8.jpg 18w\" sizes=\"(max-width: 2560px) 100vw, 2560px\" \/>\t\t\t\t\t\t\t\t\t\t\t\t\t\t\t<\/div>\n\t\t\t\t<\/div>\n\t\t\t\t\t<\/div>\n\t\t<\/div>\n\t\t\t\t\t<\/div>\n\t\t<\/section>\n\t\t\t\t<section class=\"elementor-section elementor-top-section elementor-element elementor-element-6eeb38d elementor-section-content-middle elementor-section-boxed elementor-section-height-default elementor-section-height-default\" data-id=\"6eeb38d\" data-element_type=\"section\" data-e-type=\"section\">\n\t\t\t\t\t\t<div class=\"elementor-container elementor-column-gap-default\">\n\t\t\t\t\t<div class=\"elementor-column elementor-col-100 elementor-top-column elementor-element elementor-element-38b661e\" data-id=\"38b661e\" data-element_type=\"column\" data-e-type=\"column\">\n\t\t\t<div class=\"elementor-widget-wrap elementor-element-populated\">\n\t\t\t\t\t\t<div class=\"elementor-element elementor-element-9fbc51b elementor-widget__width-initial elementor-widget elementor-widget-text-editor\" data-id=\"9fbc51b\" data-element_type=\"widget\" data-e-type=\"widget\" data-widget_type=\"text-editor.default\">\n\t\t\t\t<div class=\"elementor-widget-container\">\n\t\t\t\t\t\t\t\t\t<p>S pomoc\u00ed na\u0161ich prov\u011b\u0159en\u00fdch dopravn\u00edch partner\u016f poskytujeme vnitrost\u00e1tn\u00ed i mezin\u00e1rodn\u00ed kamionovou p\u0159epravu zbo\u017e\u00ed v Evrop\u011b. V\u00e1\u017e\u00edme si na\u0161ich klient\u016f, ale i dopravc\u016f, kte\u0159\u00ed n\u00e1m pom\u00e1haj\u00ed, aby se n\u00e1klad dostal na m\u00edsto ur\u010den\u00ed \u0159\u00e1dn\u011b a v\u010das.<\/p><p>.<\/p>\t\t\t\t\t\t\t\t<\/div>\n\t\t\t\t<\/div>\n\t\t\t\t\t<\/div>\n\t\t<\/div>\n\t\t\t\t\t<\/div>\n\t\t<\/section>\n\t\t\t\t<section class=\"elementor-section elementor-top-section elementor-element elementor-element-5d13ead3 elementor-section-content-middle elementor-section-boxed elementor-section-height-default elementor-section-height-default\" data-id=\"5d13ead3\" data-element_type=\"section\" data-e-type=\"section\" data-settings=\"{&quot;background_background&quot;:&quot;classic&quot;}\">\n\t\t\t\t\t\t<div class=\"elementor-container elementor-column-gap-no\">\n\t\t\t\t\t<div class=\"elementor-column elementor-col-100 elementor-top-column elementor-element elementor-element-3dab3d37\" data-id=\"3dab3d37\" data-element_type=\"column\" data-e-type=\"column\">\n\t\t\t<div class=\"elementor-widget-wrap elementor-element-populated\">\n\t\t\t\t\t\t<div class=\"elementor-element elementor-element-52d0b88 elementor-widget elementor-widget-text-editor\" data-id=\"52d0b88\" data-element_type=\"widget\" data-e-type=\"widget\" data-widget_type=\"text-editor.default\">\n\t\t\t\t<div class=\"elementor-widget-container\">\n\t\t\t\t\t\t\t\t\t<h5><\/h5>\n<h4 class=\"elementor-heading-title elementor-size-default elementor-inline-editing pen\" data-elementor-setting-key=\"title\" data-pen-placeholder=\"Pi\u0161te zde...\" style=\"font-family: 'Roboto Slab', sans-serif; font-size: 35px; -webkit-text-stroke-color: #000000; stroke-width: 0px; stroke: #000000; text-align: center;\"><span style=\"text-decoration: underline; color: #311169;\"><span style=\"font-weight: bold;\">Na\u0161e hodnoty a slu\u017eby<\/span><\/span><\/h4>\t\t\t\t\t\t\t\t<\/div>\n\t\t\t\t<\/div>\n\t\t\t\t<section class=\"elementor-section elementor-inner-section elementor-element elementor-element-7e961cea elementor-section-boxed elementor-section-height-default elementor-section-height-default\" data-id=\"7e961cea\" data-element_type=\"section\" data-e-type=\"section\">\n\t\t\t\t\t\t<div class=\"elementor-container elementor-column-gap-default\">\n\t\t\t\t\t<div class=\"elementor-column elementor-col-50 elementor-inner-column elementor-element elementor-element-2fe01a16\" data-id=\"2fe01a16\" data-element_type=\"column\" data-e-type=\"column\">\n\t\t\t<div class=\"elementor-widget-wrap elementor-element-populated\">\n\t\t\t\t\t\t<div class=\"elementor-element elementor-element-5044f82 elementor-widget elementor-widget-spacer\" data-id=\"5044f82\" data-element_type=\"widget\" data-e-type=\"widget\" data-widget_type=\"spacer.default\">\n\t\t\t\t<div class=\"elementor-widget-container\">\n\t\t\t\t\t\t\t<div class=\"elementor-spacer\">\n\t\t\t<div class=\"elementor-spacer-inner\"><\/div>\n\t\t<\/div>\n\t\t\t\t\t\t<\/div>\n\t\t\t\t<\/div>\n\t\t\t\t<div class=\"elementor-element elementor-element-5d0a67bf elementor-widget__width-initial elementor-view-default elementor-position-block-start elementor-mobile-position-block-start elementor-widget elementor-widget-icon-box\" data-id=\"5d0a67bf\" data-element_type=\"widget\" data-e-type=\"widget\" data-widget_type=\"icon-box.default\">\n\t\t\t\t<div class=\"elementor-widget-container\">\n\t\t\t\t\t\t\t<div class=\"elementor-icon-box-wrapper\">\n\n\t\t\t\t\t\t<div class=\"elementor-icon-box-icon\">\n\t\t\t\t<span  class=\"elementor-icon elementor-animation-grow\">\n\t\t\t\t<i aria-hidden=\"true\" class=\"fas fa-check-square\"><\/i>\t\t\t\t<\/span>\n\t\t\t<\/div>\n\t\t\t\n\t\t\t\t\t\t<div class=\"elementor-icon-box-content\">\n\n\t\t\t\t\t\t\t\t\t<h3 class=\"elementor-icon-box-title\">\n\t\t\t\t\t\t<span  >\n\t\t\t\t\t\t\tKvalita a spolehlivost\t\t\t\t\t\t<\/span>\n\t\t\t\t\t<\/h3>\n\t\t\t\t\n\t\t\t\t\t\t\t\t\t<p class=\"elementor-icon-box-description\">\n\t\t\t\t\t\tKlademe d\u016fraz na spolehlivost, vz\u00e1jemnou d\u016fv\u011bru, pe\u010dlivost a kvalitu poskytovan\u00fdch slu\u017eeb. M\u00e1me dobrou platebn\u00ed mor\u00e1lku, kterou dodr\u017eujeme i vy\u017eadujeme. <br><br><br>\t\t\t\t\t<\/p>\n\t\t\t\t\n\t\t\t<\/div>\n\t\t\t\n\t\t<\/div>\n\t\t\t\t\t\t<\/div>\n\t\t\t\t<\/div>\n\t\t\t\t<div class=\"elementor-element elementor-element-5455accd elementor-widget__width-initial elementor-view-default elementor-position-block-start elementor-mobile-position-block-start elementor-widget elementor-widget-icon-box\" data-id=\"5455accd\" data-element_type=\"widget\" data-e-type=\"widget\" data-widget_type=\"icon-box.default\">\n\t\t\t\t<div class=\"elementor-widget-container\">\n\t\t\t\t\t\t\t<div class=\"elementor-icon-box-wrapper\">\n\n\t\t\t\t\t\t<div class=\"elementor-icon-box-icon\">\n\t\t\t\t<span  class=\"elementor-icon elementor-animation-grow\">\n\t\t\t\t<i aria-hidden=\"true\" class=\"fas fa-check-square\"><\/i>\t\t\t\t<\/span>\n\t\t\t<\/div>\n\t\t\t\n\t\t\t\t\t\t<div class=\"elementor-icon-box-content\">\n\n\t\t\t\t\t\t\t\t\t<h3 class=\"elementor-icon-box-title\">\n\t\t\t\t\t\t<span  >\n\t\t\t\t\t\t\tOdpov\u011bdnost\t\t\t\t\t\t<\/span>\n\t\t\t\t\t<\/h3>\n\t\t\t\t\n\t\t\t\t\t\t\t\t\t<p class=\"elementor-icon-box-description\">\n\t\t\t\t\t\tV\u017edy se sna\u017e\u00edme naj\u00edt nejlep\u0161\u00ed mo\u017en\u00e9 \u0159e\u0161en\u00ed v z\u00e1jmu na\u0161ich obchodn\u00edch partner\u016f. Nejen spokojen\u00fd z\u00e1kazn\u00edk, i spokojen\u00fd dopravce jsou pro n\u00e1s na 1. m\u00edst\u011b. <br>\n<br>\nSpolupracujeme s prov\u011b\u0159en\u00fdmi klienty a dopravce v\u017edy vyb\u00edr\u00e1me na z\u00e1klad\u011b zku\u0161enost\u00ed a kvality poskytovan\u00fdch slu\u017eeb. <br>\n<br>\nV\u0161echny z\u00e1silky jsou poji\u0161t\u011bny dle CMR a v p\u0159\u00edpad\u011b pot\u0159eby je lze p\u0159ipojistit.\n\t\t\t\t\t<\/p>\n\t\t\t\t\n\t\t\t<\/div>\n\t\t\t\n\t\t<\/div>\n\t\t\t\t\t\t<\/div>\n\t\t\t\t<\/div>\n\t\t\t\t\t<\/div>\n\t\t<\/div>\n\t\t\t\t<div class=\"elementor-column elementor-col-50 elementor-inner-column elementor-element elementor-element-fa96a58\" data-id=\"fa96a58\" data-element_type=\"column\" data-e-type=\"column\">\n\t\t\t<div class=\"elementor-widget-wrap elementor-element-populated\">\n\t\t\t\t\t\t<div class=\"elementor-element elementor-element-c6967fd elementor-widget elementor-widget-spacer\" data-id=\"c6967fd\" data-element_type=\"widget\" data-e-type=\"widget\" data-widget_type=\"spacer.default\">\n\t\t\t\t<div class=\"elementor-widget-container\">\n\t\t\t\t\t\t\t<div class=\"elementor-spacer\">\n\t\t\t<div class=\"elementor-spacer-inner\"><\/div>\n\t\t<\/div>\n\t\t\t\t\t\t<\/div>\n\t\t\t\t<\/div>\n\t\t\t\t<div class=\"elementor-element elementor-element-4ee4c8c3 elementor-widget__width-initial elementor-view-default elementor-position-block-start elementor-mobile-position-block-start elementor-widget elementor-widget-icon-box\" data-id=\"4ee4c8c3\" data-element_type=\"widget\" data-e-type=\"widget\" data-widget_type=\"icon-box.default\">\n\t\t\t\t<div class=\"elementor-widget-container\">\n\t\t\t\t\t\t\t<div class=\"elementor-icon-box-wrapper\">\n\n\t\t\t\t\t\t<div class=\"elementor-icon-box-icon\">\n\t\t\t\t<span  class=\"elementor-icon elementor-animation-grow\">\n\t\t\t\t<i aria-hidden=\"true\" class=\"fas fa-check-square\"><\/i>\t\t\t\t<\/span>\n\t\t\t<\/div>\n\t\t\t\n\t\t\t\t\t\t<div class=\"elementor-icon-box-content\">\n\n\t\t\t\t\t\t\t\t\t<h3 class=\"elementor-icon-box-title\">\n\t\t\t\t\t\t<span  >\n\t\t\t\t\t\t\tIndividu\u00e1ln\u00ed p\u0159\u00edstup\t\t\t\t\t\t<\/span>\n\t\t\t\t\t<\/h3>\n\t\t\t\t\n\t\t\t\t\t\t\t\t\t<p class=\"elementor-icon-box-description\">\n\t\t\t\t\t\tUm\u00edme naslouchat pot\u0159eb\u00e1m na\u0161ich klient\u016f a slibujeme jen to, co m\u016f\u017eeme splnit. <br><span style=\"font-weight: 700\"> <\/span><br><br><br>\t\t\t\t\t<\/p>\n\t\t\t\t\n\t\t\t<\/div>\n\t\t\t\n\t\t<\/div>\n\t\t\t\t\t\t<\/div>\n\t\t\t\t<\/div>\n\t\t\t\t<div class=\"elementor-element elementor-element-7ef1efd2 elementor-widget__width-initial elementor-view-default elementor-position-block-start elementor-mobile-position-block-start elementor-widget elementor-widget-icon-box\" data-id=\"7ef1efd2\" data-element_type=\"widget\" data-e-type=\"widget\" data-widget_type=\"icon-box.default\">\n\t\t\t\t<div class=\"elementor-widget-container\">\n\t\t\t\t\t\t\t<div class=\"elementor-icon-box-wrapper\">\n\n\t\t\t\t\t\t<div class=\"elementor-icon-box-icon\">\n\t\t\t\t<span  class=\"elementor-icon elementor-animation-grow\">\n\t\t\t\t<i aria-hidden=\"true\" class=\"fas fa-check-square\"><\/i>\t\t\t\t<\/span>\n\t\t\t<\/div>\n\t\t\t\n\t\t\t\t\t\t<div class=\"elementor-icon-box-content\">\n\n\t\t\t\t\t\t\t\t\t<h3 class=\"elementor-icon-box-title\">\n\t\t\t\t\t\t<span  >\n\t\t\t\t\t\t\tRozsah slu\u017eeb\t\t\t\t\t\t<\/span>\n\t\t\t\t\t<\/h3>\n\t\t\t\t\n\t\t\t\t\t\t\t\t\t<p class=\"elementor-icon-box-description\">\n\t\t\t\t\t\tNa\u0161i smluvn\u00ed dopravci disponuj\u00ed velk\u00fdm vozov\u00fdm parkem s plachtov\u00fdmi a chlad\u00edrensk\u00fdmi n\u00e1v\u011bsy. V\u011bt\u0161ina t\u011bchto n\u00e1v\u011bs\u016f disponuje ADR v\u00fdbavou.\n<br> <br>\nZaji\u0161\u0165ujeme mezin\u00e1rodn\u00ed a vnitrost\u00e1tn\u00ed p\u0159epravu celovozy (FTL) a sb\u011brnou slu\u017ebou (LTL).\n<br>\n<br>\n<br>\nNab\u00edz\u00edme i skladov\u00e1n\u00ed dle Va\u0161ich po\u017eadavk\u016f k zaji\u0161t\u011bn\u00ed co nejv\u011bt\u0161\u00ed flexibility p\u0159eprav.\n\t\t\t\t\t<\/p>\n\t\t\t\t\n\t\t\t<\/div>\n\t\t\t\n\t\t<\/div>\n\t\t\t\t\t\t<\/div>\n\t\t\t\t<\/div>\n\t\t\t\t\t<\/div>\n\t\t<\/div>\n\t\t\t\t\t<\/div>\n\t\t<\/section>\n\t\t\t\t\t<\/div>\n\t\t<\/div>\n\t\t\t\t\t<\/div>\n\t\t<\/section>\n\t\t\t\t<section class=\"elementor-section elementor-top-section elementor-element elementor-element-5da47eed elementor-section-content-middle elementor-section-boxed elementor-section-height-default elementor-section-height-default\" data-id=\"5da47eed\" data-element_type=\"section\" data-e-type=\"section\" data-settings=\"{&quot;background_background&quot;:&quot;classic&quot;}\">\n\t\t\t\t\t\t<div class=\"elementor-container elementor-column-gap-no\">\n\t\t\t\t\t<div class=\"elementor-column elementor-col-100 elementor-top-column elementor-element elementor-element-3e279dd0\" data-id=\"3e279dd0\" data-element_type=\"column\" data-e-type=\"column\">\n\t\t\t<div class=\"elementor-widget-wrap elementor-element-populated\">\n\t\t\t\t\t\t<div class=\"elementor-element elementor-element-639b7fd2 elementor-widget elementor-widget-heading\" data-id=\"639b7fd2\" data-element_type=\"widget\" data-e-type=\"widget\" data-widget_type=\"heading.default\">\n\t\t\t\t<div class=\"elementor-widget-container\">\n\t\t\t\t\t<h5 class=\"elementor-heading-title elementor-size-default\">Kontakt<\/h5>\t\t\t\t<\/div>\n\t\t\t\t<\/div>\n\t\t\t\t<div class=\"elementor-element elementor-element-6270ef01 elementor-widget__width-initial elementor-widget elementor-widget-heading\" data-id=\"6270ef01\" data-element_type=\"widget\" data-e-type=\"widget\" data-widget_type=\"heading.default\">\n\t\t\t\t<div class=\"elementor-widget-container\">\n\t\t\t\t\t<h4 class=\"elementor-heading-title elementor-size-default\">Maria Havlov\u00e1 <br>                                     havlova@teamvia.cz<br>                                                                                                 +420 737 667 296\n<br>\n<br>\nTransID: 1089702-1 <br>\nRaal ID: M74<\/h4>\t\t\t\t<\/div>\n\t\t\t\t<\/div>\n\t\t\t\t\t<\/div>\n\t\t<\/div>\n\t\t\t\t\t<\/div>\n\t\t<\/section>\n\t\t\t\t<section class=\"elementor-section elementor-top-section elementor-element elementor-element-1925d7ba elementor-section-content-middle elementor-section-boxed elementor-section-height-default elementor-section-height-default\" data-id=\"1925d7ba\" data-element_type=\"section\" data-e-type=\"section\">\n\t\t\t\t\t\t<div class=\"elementor-container elementor-column-gap-no\">\n\t\t\t\t\t<div class=\"elementor-column elementor-col-100 elementor-top-column elementor-element elementor-element-c165368\" data-id=\"c165368\" data-element_type=\"column\" data-e-type=\"column\">\n\t\t\t<div class=\"elementor-widget-wrap\">\n\t\t\t\t\t\t\t<\/div>\n\t\t<\/div>\n\t\t\t\t\t<\/div>\n\t\t<\/section>\n\t\t\t\t<\/div>","protected":false},"excerpt":{"rendered":"<p>About us Forwarding &amp; Logistics We operate freight forwarding focused on road transport in Europe. We act as independent intermediary between our clients and well proven carriers. We value our clients as well as our transport partners that assist us to get each load to final location properly and in [&hellip;]<\/p>","protected":false},"author":1,"featured_media":0,"parent":0,"menu_order":0,"comment_status":"closed","ping_status":"closed","template":"page-templates\/template-pagebuilder-full-width.php","meta":{"footnotes":""},"class_list":["post-467","page","type-page","status-publish","hentry"],"yoast_head":"<!-- This site is optimized with the Yoast SEO plugin v26.9 - https:\/\/yoast.com\/product\/yoast-seo-wordpress\/ -->\n<title>Spedice - Consulting-Accounting-Logistics<\/title>\n<meta name=\"robots\" content=\"noindex, follow, max-snippet:-1, max-image-preview:large, max-video-preview:-1\" \/>\n<meta property=\"og:locale\" content=\"cs_CZ\" \/>\n<meta property=\"og:type\" content=\"article\" \/>\n<meta property=\"og:title\" content=\"Spedice - Consulting-Accounting-Logistics\" \/>\n<meta property=\"og:description\" content=\"About us Forwarding &amp; Logistics We operate freight forwarding focused on road transport in Europe. We act as independent intermediary between our clients and well proven carriers. We value our clients as well as our transport partners that assist us to get each load to final location properly and in [&hellip;]\" \/>\n<meta property=\"og:url\" content=\"https:\/\/teamvia.cz\/cz\/spedice\/\" \/>\n<meta property=\"og:site_name\" content=\"Consulting-Accounting-Logistics\" \/>\n<meta property=\"article:modified_time\" content=\"2026-02-15T10:29:19+00:00\" \/>\n<meta property=\"og:image\" content=\"https:\/\/teamvia.cz\/wp-content\/uploads\/2026\/02\/shutterstock_2698629267-scaled.jpg\" \/>\n\t<meta property=\"og:image:width\" content=\"2560\" \/>\n\t<meta property=\"og:image:height\" content=\"1205\" \/>\n\t<meta property=\"og:image:type\" content=\"image\/jpeg\" \/>\n<meta name=\"twitter:card\" content=\"summary_large_image\" \/>\n<meta name=\"twitter:label1\" content=\"Odhadovan\u00e1 doba \u010dten\u00ed\" \/>\n\t<meta name=\"twitter:data1\" content=\"1 minuta\" \/>\n<script type=\"application\/ld+json\" class=\"yoast-schema-graph\">{\"@context\":\"https:\/\/schema.org\",\"@graph\":[{\"@type\":\"WebPage\",\"@id\":\"https:\/\/teamvia.cz\/spedice\/\",\"url\":\"https:\/\/teamvia.cz\/spedice\/\",\"name\":\"Spedice - Consulting-Accounting-Logistics\",\"isPartOf\":{\"@id\":\"https:\/\/teamvia.cz\/#website\"},\"primaryImageOfPage\":{\"@id\":\"https:\/\/teamvia.cz\/spedice\/#primaryimage\"},\"image\":{\"@id\":\"https:\/\/teamvia.cz\/spedice\/#primaryimage\"},\"thumbnailUrl\":\"https:\/\/teamvia.cz\/wp-content\/uploads\/2026\/02\/shutterstock_2698629267-scaled.jpg\",\"datePublished\":\"2024-08-25T19:03:41+00:00\",\"dateModified\":\"2026-02-15T10:29:19+00:00\",\"breadcrumb\":{\"@id\":\"https:\/\/teamvia.cz\/spedice\/#breadcrumb\"},\"inLanguage\":\"cs\",\"potentialAction\":[{\"@type\":\"ReadAction\",\"target\":[\"https:\/\/teamvia.cz\/spedice\/\"]}]},{\"@type\":\"ImageObject\",\"inLanguage\":\"cs\",\"@id\":\"https:\/\/teamvia.cz\/spedice\/#primaryimage\",\"url\":\"https:\/\/teamvia.cz\/wp-content\/uploads\/2026\/02\/shutterstock_2698629267-scaled.jpg\",\"contentUrl\":\"https:\/\/teamvia.cz\/wp-content\/uploads\/2026\/02\/shutterstock_2698629267-scaled.jpg\"},{\"@type\":\"BreadcrumbList\",\"@id\":\"https:\/\/teamvia.cz\/spedice\/#breadcrumb\",\"itemListElement\":[{\"@type\":\"ListItem\",\"position\":1,\"name\":\"Dom\u016f\",\"item\":\"https:\/\/teamvia.cz\/\"},{\"@type\":\"ListItem\",\"position\":2,\"name\":\"Spedice\"}]},{\"@type\":\"WebSite\",\"@id\":\"https:\/\/teamvia.cz\/#website\",\"url\":\"https:\/\/teamvia.cz\/\",\"name\":\"Teamvia\",\"description\":\"\",\"publisher\":{\"@id\":\"https:\/\/teamvia.cz\/#organization\"},\"potentialAction\":[{\"@type\":\"SearchAction\",\"target\":{\"@type\":\"EntryPoint\",\"urlTemplate\":\"https:\/\/teamvia.cz\/?s={search_term_string}\"},\"query-input\":{\"@type\":\"PropertyValueSpecification\",\"valueRequired\":true,\"valueName\":\"search_term_string\"}}],\"inLanguage\":\"cs\"},{\"@type\":\"Organization\",\"@id\":\"https:\/\/teamvia.cz\/#organization\",\"name\":\"TeamVia\",\"url\":\"https:\/\/teamvia.cz\/\",\"logo\":{\"@type\":\"ImageObject\",\"inLanguage\":\"cs\",\"@id\":\"https:\/\/teamvia.cz\/#\/schema\/logo\/image\/\",\"url\":\"https:\/\/teamvia.cz\/wp-content\/uploads\/2025\/02\/Logo-TeamVia-incl.-Trademart.jpg\",\"contentUrl\":\"https:\/\/teamvia.cz\/wp-content\/uploads\/2025\/02\/Logo-TeamVia-incl.-Trademart.jpg\",\"width\":203,\"height\":44,\"caption\":\"TeamVia\"},\"image\":{\"@id\":\"https:\/\/teamvia.cz\/#\/schema\/logo\/image\/\"}}]}<\/script>\n<!-- \/ Yoast SEO plugin. -->","yoast_head_json":{"title":"Spedice - Consulting-Accounting-Logistics","robots":{"index":"noindex","follow":"follow","max-snippet":"max-snippet:-1","max-image-preview":"max-image-preview:large","max-video-preview":"max-video-preview:-1"},"og_locale":"cs_CZ","og_type":"article","og_title":"Spedice - Consulting-Accounting-Logistics","og_description":"About us Forwarding &amp; Logistics We operate freight forwarding focused on road transport in Europe. We act as independent intermediary between our clients and well proven carriers. We value our clients as well as our transport partners that assist us to get each load to final location properly and in [&hellip;]","og_url":"https:\/\/teamvia.cz\/cz\/spedice\/","og_site_name":"Consulting-Accounting-Logistics","article_modified_time":"2026-02-15T10:29:19+00:00","og_image":[{"width":2560,"height":1205,"url":"https:\/\/teamvia.cz\/wp-content\/uploads\/2026\/02\/shutterstock_2698629267-scaled.jpg","type":"image\/jpeg"}],"twitter_card":"summary_large_image","twitter_misc":{"Odhadovan\u00e1 doba \u010dten\u00ed":"1 minuta"},"schema":{"@context":"https:\/\/schema.org","@graph":[{"@type":"WebPage","@id":"https:\/\/teamvia.cz\/spedice\/","url":"https:\/\/teamvia.cz\/spedice\/","name":"Spedice - Consulting-Accounting-Logistics","isPartOf":{"@id":"https:\/\/teamvia.cz\/#website"},"primaryImageOfPage":{"@id":"https:\/\/teamvia.cz\/spedice\/#primaryimage"},"image":{"@id":"https:\/\/teamvia.cz\/spedice\/#primaryimage"},"thumbnailUrl":"https:\/\/teamvia.cz\/wp-content\/uploads\/2026\/02\/shutterstock_2698629267-scaled.jpg","datePublished":"2024-08-25T19:03:41+00:00","dateModified":"2026-02-15T10:29:19+00:00","breadcrumb":{"@id":"https:\/\/teamvia.cz\/spedice\/#breadcrumb"},"inLanguage":"cs","potentialAction":[{"@type":"ReadAction","target":["https:\/\/teamvia.cz\/spedice\/"]}]},{"@type":"ImageObject","inLanguage":"cs","@id":"https:\/\/teamvia.cz\/spedice\/#primaryimage","url":"https:\/\/teamvia.cz\/wp-content\/uploads\/2026\/02\/shutterstock_2698629267-scaled.jpg","contentUrl":"https:\/\/teamvia.cz\/wp-content\/uploads\/2026\/02\/shutterstock_2698629267-scaled.jpg"},{"@type":"BreadcrumbList","@id":"https:\/\/teamvia.cz\/spedice\/#breadcrumb","itemListElement":[{"@type":"ListItem","position":1,"name":"Dom\u016f","item":"https:\/\/teamvia.cz\/"},{"@type":"ListItem","position":2,"name":"Spedice"}]},{"@type":"WebSite","@id":"https:\/\/teamvia.cz\/#website","url":"https:\/\/teamvia.cz\/","name":"Teamvia","description":"","publisher":{"@id":"https:\/\/teamvia.cz\/#organization"},"potentialAction":[{"@type":"SearchAction","target":{"@type":"EntryPoint","urlTemplate":"https:\/\/teamvia.cz\/?s={search_term_string}"},"query-input":{"@type":"PropertyValueSpecification","valueRequired":true,"valueName":"search_term_string"}}],"inLanguage":"cs"},{"@type":"Organization","@id":"https:\/\/teamvia.cz\/#organization","name":"TeamVia","url":"https:\/\/teamvia.cz\/","logo":{"@type":"ImageObject","inLanguage":"cs","@id":"https:\/\/teamvia.cz\/#\/schema\/logo\/image\/","url":"https:\/\/teamvia.cz\/wp-content\/uploads\/2025\/02\/Logo-TeamVia-incl.-Trademart.jpg","contentUrl":"https:\/\/teamvia.cz\/wp-content\/uploads\/2025\/02\/Logo-TeamVia-incl.-Trademart.jpg","width":203,"height":44,"caption":"TeamVia"},"image":{"@id":"https:\/\/teamvia.cz\/#\/schema\/logo\/image\/"}}]}},"_links":{"self":[{"href":"https:\/\/teamvia.cz\/cz\/wp-json\/wp\/v2\/pages\/467","targetHints":{"allow":["GET"]}}],"collection":[{"href":"https:\/\/teamvia.cz\/cz\/wp-json\/wp\/v2\/pages"}],"about":[{"href":"https:\/\/teamvia.cz\/cz\/wp-json\/wp\/v2\/types\/page"}],"author":[{"embeddable":true,"href":"https:\/\/teamvia.cz\/cz\/wp-json\/wp\/v2\/users\/1"}],"replies":[{"embeddable":true,"href":"https:\/\/teamvia.cz\/cz\/wp-json\/wp\/v2\/comments?post=467"}],"version-history":[{"count":455,"href":"https:\/\/teamvia.cz\/cz\/wp-json\/wp\/v2\/pages\/467\/revisions"}],"predecessor-version":[{"id":3138,"href":"https:\/\/teamvia.cz\/cz\/wp-json\/wp\/v2\/pages\/467\/revisions\/3138"}],"wp:attachment":[{"href":"https:\/\/teamvia.cz\/cz\/wp-json\/wp\/v2\/media?parent=467"}],"curies":[{"name":"wp","href":"https:\/\/api.w.org\/{rel}","templated":true}]}}