{"id":829,"date":"2024-09-07T15:10:58","date_gmt":"2024-09-07T15:10:58","guid":{"rendered":"https:\/\/teamvia.cz\/?page_id=829"},"modified":"2026-02-14T20:10:24","modified_gmt":"2026-02-14T20:10:24","slug":"ucetnictvi","status":"publish","type":"page","link":"https:\/\/teamvia.cz\/cz\/ucetnictvi\/","title":{"rendered":"\u00da\u010detnictv\u00ed"},"content":{"rendered":"<div data-elementor-type=\"wp-page\" data-elementor-id=\"829\" class=\"elementor elementor-829\">\n\t\t\t\t\t\t<section class=\"elementor-section elementor-top-section elementor-element elementor-element-2a5a2a42 elementor-section-content-middle elementor-section-boxed elementor-section-height-default elementor-section-height-default\" data-id=\"2a5a2a42\" data-element_type=\"section\" data-e-type=\"section\">\n\t\t\t\t\t\t<div class=\"elementor-container elementor-column-gap-default\">\n\t\t\t\t\t<div class=\"elementor-column elementor-col-50 elementor-top-column elementor-element elementor-element-3299c5d5\" data-id=\"3299c5d5\" data-element_type=\"column\" data-e-type=\"column\">\n\t\t\t<div class=\"elementor-widget-wrap elementor-element-populated\">\n\t\t\t\t\t\t<div class=\"elementor-element elementor-element-552f14b7 elementor-widget elementor-widget-text-editor\" data-id=\"552f14b7\" data-element_type=\"widget\" data-e-type=\"widget\" data-widget_type=\"text-editor.default\">\n\t\t\t\t<div class=\"elementor-widget-container\">\n\t\t\t\t\t\t\t\t\t<p>O n\u00e1s<\/p>\t\t\t\t\t\t\t\t<\/div>\n\t\t\t\t<\/div>\n\t\t\t\t<div class=\"elementor-element elementor-element-235fd05b elementor-widget-divider--view-line_text e-transform elementor-widget-divider--element-align-center elementor-invisible elementor-widget elementor-widget-divider\" data-id=\"235fd05b\" data-element_type=\"widget\" data-e-type=\"widget\" data-settings=\"{&quot;_animation&quot;:&quot;zoomIn&quot;,&quot;_transform_rotateZ_effect&quot;:{&quot;unit&quot;:&quot;px&quot;,&quot;size&quot;:-360,&quot;sizes&quot;:[]},&quot;_transform_rotateZ_effect_tablet&quot;:{&quot;unit&quot;:&quot;deg&quot;,&quot;size&quot;:&quot;&quot;,&quot;sizes&quot;:[]},&quot;_transform_rotateZ_effect_mobile&quot;:{&quot;unit&quot;:&quot;deg&quot;,&quot;size&quot;:&quot;&quot;,&quot;sizes&quot;:[]}}\" data-widget_type=\"divider.default\">\n\t\t\t\t<div class=\"elementor-widget-container\">\n\t\t\t\t\t\t\t<div class=\"elementor-divider\">\n\t\t\t<span class=\"elementor-divider-separator\">\n\t\t\t\t\t\t<\/span>\n\t\t<\/div>\n\t\t\t\t\t\t<\/div>\n\t\t\t\t<\/div>\n\t\t\t\t<div class=\"elementor-element elementor-element-c1efe9c elementor-widget__width-initial elementor-widget elementor-widget-heading\" data-id=\"c1efe9c\" data-element_type=\"widget\" data-e-type=\"widget\" data-widget_type=\"heading.default\">\n\t\t\t\t<div class=\"elementor-widget-container\">\n\t\t\t\t\t<h3 class=\"elementor-heading-title elementor-size-default\">\u00da\u010detnictv\u00ed &amp; Controlling<\/h3>\t\t\t\t<\/div>\n\t\t\t\t<\/div>\n\t\t\t\t\t<\/div>\n\t\t<\/div>\n\t\t\t\t<div class=\"elementor-column elementor-col-50 elementor-top-column elementor-element elementor-element-30614d4a\" data-id=\"30614d4a\" data-element_type=\"column\" data-e-type=\"column\">\n\t\t\t<div class=\"elementor-widget-wrap elementor-element-populated\">\n\t\t\t\t\t\t<div class=\"elementor-element elementor-element-4da8166c elementor-widget__width-initial elementor-widget elementor-widget-image\" data-id=\"4da8166c\" data-element_type=\"widget\" data-e-type=\"widget\" data-widget_type=\"image.default\">\n\t\t\t\t<div class=\"elementor-widget-container\">\n\t\t\t\t\t\t\t\t\t\t\t\t\t\t\t<img fetchpriority=\"high\" decoding=\"async\" width=\"1804\" height=\"891\" src=\"https:\/\/teamvia.cz\/wp-content\/uploads\/2024\/09\/shutterstock_2462795863-scaled-e1726404859136.jpg\" class=\"elementor-animation-grow attachment-full size-full wp-image-1174\" alt=\"\" srcset=\"https:\/\/teamvia.cz\/wp-content\/uploads\/2024\/09\/shutterstock_2462795863-scaled-e1726404859136.jpg 1804w, https:\/\/teamvia.cz\/wp-content\/uploads\/2024\/09\/shutterstock_2462795863-scaled-e1726404859136-300x148.jpg 300w, https:\/\/teamvia.cz\/wp-content\/uploads\/2024\/09\/shutterstock_2462795863-scaled-e1726404859136-1024x506.jpg 1024w, https:\/\/teamvia.cz\/wp-content\/uploads\/2024\/09\/shutterstock_2462795863-scaled-e1726404859136-768x379.jpg 768w, https:\/\/teamvia.cz\/wp-content\/uploads\/2024\/09\/shutterstock_2462795863-scaled-e1726404859136-1536x759.jpg 1536w, https:\/\/teamvia.cz\/wp-content\/uploads\/2024\/09\/shutterstock_2462795863-scaled-e1726404859136-18x9.jpg 18w\" sizes=\"(max-width: 1804px) 100vw, 1804px\" \/>\t\t\t\t\t\t\t\t\t\t\t\t\t\t\t<\/div>\n\t\t\t\t<\/div>\n\t\t\t\t\t<\/div>\n\t\t<\/div>\n\t\t\t\t\t<\/div>\n\t\t<\/section>\n\t\t\t\t<section class=\"elementor-section elementor-top-section elementor-element elementor-element-6eeb38d elementor-section-content-middle elementor-section-boxed elementor-section-height-default elementor-section-height-default\" data-id=\"6eeb38d\" data-element_type=\"section\" data-e-type=\"section\">\n\t\t\t\t\t\t<div class=\"elementor-container elementor-column-gap-default\">\n\t\t\t\t\t<div class=\"elementor-column elementor-col-100 elementor-top-column elementor-element elementor-element-38b661e\" data-id=\"38b661e\" data-element_type=\"column\" data-e-type=\"column\">\n\t\t\t<div class=\"elementor-widget-wrap elementor-element-populated\">\n\t\t\t\t\t\t<div class=\"elementor-element elementor-element-9fbc51b elementor-widget__width-initial elementor-widget elementor-widget-text-editor\" data-id=\"9fbc51b\" data-element_type=\"widget\" data-e-type=\"widget\" data-widget_type=\"text-editor.default\">\n\t\t\t\t<div class=\"elementor-widget-container\">\n\t\t\t\t\t\t\t\t\t<p><span style=\"color: #919191;\">Poskytujeme komplexn\u00ed slu\u017eby extern\u00edho veden\u00ed \u00fa\u010detnictv\u00ed, zpracov\u00e1n\u00ed mezd, souvisej\u00edc\u00edch da\u0148ov\u00fdch agend a reportingu. M\u00e1me tak\u00e9 v\u00fdznamnou zku\u0161enost s anal\u00fdzami finan\u010dn\u00edho zdrav\u00ed podniku, designem, implementac\u00ed a \u010dinnost\u00ed controllingu.\u00a0<\/span><\/p>\t\t\t\t\t\t\t\t<\/div>\n\t\t\t\t<\/div>\n\t\t\t\t\t<\/div>\n\t\t<\/div>\n\t\t\t\t\t<\/div>\n\t\t<\/section>\n\t\t\t\t<section class=\"elementor-section elementor-top-section elementor-element elementor-element-21cb6d70 elementor-section-content-middle elementor-section-boxed elementor-section-height-default elementor-section-height-default\" data-id=\"21cb6d70\" data-element_type=\"section\" data-e-type=\"section\">\n\t\t\t\t\t\t<div class=\"elementor-container elementor-column-gap-no\">\n\t\t\t\t\t<div class=\"elementor-column elementor-col-100 elementor-top-column elementor-element elementor-element-35953422\" data-id=\"35953422\" data-element_type=\"column\" data-e-type=\"column\">\n\t\t\t<div class=\"elementor-widget-wrap elementor-element-populated\">\n\t\t\t\t\t\t<div class=\"elementor-element elementor-element-10a760fb elementor-widget elementor-widget-heading\" data-id=\"10a760fb\" data-element_type=\"widget\" data-e-type=\"widget\" data-widget_type=\"heading.default\">\n\t\t\t\t<div class=\"elementor-widget-container\">\n\t\t\t\t\t<h4 class=\"elementor-heading-title elementor-size-default\">Na\u0161e slu\u017eby<\/h4>\t\t\t\t<\/div>\n\t\t\t\t<\/div>\n\t\t\t\t<section class=\"elementor-section elementor-inner-section elementor-element elementor-element-4f66e6f7 elementor-section-boxed elementor-section-height-default elementor-section-height-default\" data-id=\"4f66e6f7\" data-element_type=\"section\" data-e-type=\"section\">\n\t\t\t\t\t\t<div class=\"elementor-container elementor-column-gap-default\">\n\t\t\t\t\t<div class=\"elementor-column elementor-col-50 elementor-inner-column elementor-element elementor-element-7fc8ec5b\" data-id=\"7fc8ec5b\" data-element_type=\"column\" data-e-type=\"column\">\n\t\t\t<div class=\"elementor-widget-wrap elementor-element-populated\">\n\t\t\t\t\t\t<div class=\"elementor-element elementor-element-5b190c8b elementor-widget elementor-widget-heading\" data-id=\"5b190c8b\" data-element_type=\"widget\" data-e-type=\"widget\" data-widget_type=\"heading.default\">\n\t\t\t\t<div class=\"elementor-widget-container\">\n\t\t\t\t\t<h3 class=\"elementor-heading-title elementor-size-default\">Extern\u00ed veden\u00ed \u00fa\u010detnictv\u00ed<\/h3>\t\t\t\t<\/div>\n\t\t\t\t<\/div>\n\t\t\t\t<div class=\"elementor-element elementor-element-45b1a0fe elementor-widget-divider--view-line elementor-widget elementor-widget-divider\" data-id=\"45b1a0fe\" data-element_type=\"widget\" data-e-type=\"widget\" data-widget_type=\"divider.default\">\n\t\t\t\t<div class=\"elementor-widget-container\">\n\t\t\t\t\t\t\t<div class=\"elementor-divider\">\n\t\t\t<span class=\"elementor-divider-separator\">\n\t\t\t\t\t\t<\/span>\n\t\t<\/div>\n\t\t\t\t\t\t<\/div>\n\t\t\t\t<\/div>\n\t\t\t\t<div class=\"elementor-element elementor-element-5baa4bd0 elementor-widget elementor-widget-text-editor\" data-id=\"5baa4bd0\" data-element_type=\"widget\" data-e-type=\"widget\" data-widget_type=\"text-editor.default\">\n\t\t\t\t<div class=\"elementor-widget-container\">\n\t\t\t\t\t\t\t\t\t<p style=\"text-align: left;\">Komplexn\u00ed veden\u00ed \u00fa\u010detnictv\u00ed podle \u010desk\u00e9ho z\u00e1kona o \u00fa\u010detnictv\u00ed<\/p><p style=\"text-align: left;\">Person\u00e1ln\u00ed agenda a mzdov\u00e9 \u00fa\u010detnictv\u00ed<\/p><p style=\"text-align: left;\">Komunikace s \u00fa\u0159ady st\u00e1tn\u00ed spr\u00e1vy - F\u00da, \u010cSSZ a zdravotn\u00ed poji\u0161\u0165ovny<\/p><p style=\"text-align: left;\">Vyhotoven\u00ed ro\u010dn\u00ed z\u00e1v\u011brky a  z\u00e1konn\u00fdch \u00fa\u010detn\u00edch v\u00fdkaz\u016f<\/p><p style=\"text-align: left;\">P\u0159\u00edprava podklad\u016f pro da\u0148ov\u00e1 p\u0159izn\u00e1n\u00ed<\/p><p style=\"text-align: left;\">Ekonomick\u00fd syst\u00e9m Pohoda s mo\u017enost\u00ed vzd\u00e1len\u00e9ho p\u0159\u00edstupu<\/p><p style=\"text-align: left;\">Archivace dle formy a p\u0159\u00e1n\u00ed klienta<\/p><p style=\"text-align: left;\">Digit\u00e1ln\u00ed p\u0159ed\u00e1v\u00e1n\u00ed doklad\u016f, preferujeme, ale domluv\u00edme se i jinak<\/p>\t\t\t\t\t\t\t\t<\/div>\n\t\t\t\t<\/div>\n\t\t\t\t\t<\/div>\n\t\t<\/div>\n\t\t\t\t<div class=\"elementor-column elementor-col-50 elementor-inner-column elementor-element elementor-element-54fe348a\" data-id=\"54fe348a\" data-element_type=\"column\" data-e-type=\"column\">\n\t\t\t<div class=\"elementor-widget-wrap elementor-element-populated\">\n\t\t\t\t\t\t<div class=\"elementor-element elementor-element-70fcd310 elementor-widget elementor-widget-heading\" data-id=\"70fcd310\" data-element_type=\"widget\" data-e-type=\"widget\" data-widget_type=\"heading.default\">\n\t\t\t\t<div class=\"elementor-widget-container\">\n\t\t\t\t\t<h3 class=\"elementor-heading-title elementor-size-default\">Provozn\u00ed a projektov\u00fd controlling<\/h3>\t\t\t\t<\/div>\n\t\t\t\t<\/div>\n\t\t\t\t<div class=\"elementor-element elementor-element-470a7c02 elementor-widget-divider--view-line elementor-widget elementor-widget-divider\" data-id=\"470a7c02\" data-element_type=\"widget\" data-e-type=\"widget\" data-widget_type=\"divider.default\">\n\t\t\t\t<div class=\"elementor-widget-container\">\n\t\t\t\t\t\t\t<div class=\"elementor-divider\">\n\t\t\t<span class=\"elementor-divider-separator\">\n\t\t\t\t\t\t<\/span>\n\t\t<\/div>\n\t\t\t\t\t\t<\/div>\n\t\t\t\t<\/div>\n\t\t\t\t<div class=\"elementor-element elementor-element-5195d7d elementor-widget elementor-widget-text-editor\" data-id=\"5195d7d\" data-element_type=\"widget\" data-e-type=\"widget\" data-widget_type=\"text-editor.default\">\n\t\t\t\t<div class=\"elementor-widget-container\">\n\t\t\t\t\t\t\t\t\t<p style=\"text-align: left;\">\u00davodn\u00ed nebo jednor\u00e1zov\u00e1 anal\u00fdza finan\u010dn\u00edho zdrav\u00ed podniku<\/p><p style=\"text-align: left;\">N\u00e1vrh koncepce a vykon\u00e1v\u00e1n\u00ed pravideln\u00fdch \u010dinnost\u00ed controllingu<\/p><p style=\"text-align: left;\">Ekonomick\u00e1 podpora p\u0159\u00edpravy business pl\u00e1n\u016f, kl\u00ed\u010dov\u00fdch miln\u00edk\u016f a projekt\u016f<\/p><p style=\"text-align: left;\">Poskytnut\u00ed extern\u00ed pracovn\u00ed s\u00edly pro vykon\u00e1v\u00e1n\u00ed do\u010dasn\u00fdch nebo pravideln\u00fdch \u010dinnost\u00ed v oblasti financ\u00ed<\/p><p style=\"text-align: left;\">Podpora a spolupr\u00e1ce v pr\u016fb\u011bhu intern\u00edch a extern\u00edch audit\u016f<\/p><p style=\"text-align: left;\">Sledov\u00e1n\u00ed splatnost\u00ed z\u00e1vazk\u016f a pohled\u00e1vek, upom\u00edn\u00e1n\u00ed dlu\u017en\u00edk\u016f a spolupr\u00e1ce s pr\u00e1vn\u00edkem na jejich vym\u00e1h\u00e1n\u00ed<\/p>\t\t\t\t\t\t\t\t<\/div>\n\t\t\t\t<\/div>\n\t\t\t\t\t<\/div>\n\t\t<\/div>\n\t\t\t\t\t<\/div>\n\t\t<\/section>\n\t\t\t\t\t<\/div>\n\t\t<\/div>\n\t\t\t\t\t<\/div>\n\t\t<\/section>\n\t\t\t\t<section class=\"elementor-section elementor-top-section elementor-element elementor-element-6300c887 elementor-section-content-middle elementor-section-boxed elementor-section-height-default elementor-section-height-default\" data-id=\"6300c887\" data-element_type=\"section\" data-e-type=\"section\">\n\t\t\t\t\t\t<div class=\"elementor-container elementor-column-gap-no\">\n\t\t\t\t\t<div class=\"elementor-column elementor-col-50 elementor-top-column elementor-element elementor-element-7ce341cf\" data-id=\"7ce341cf\" data-element_type=\"column\" data-e-type=\"column\">\n\t\t\t<div class=\"elementor-widget-wrap elementor-element-populated\">\n\t\t\t\t\t\t<div class=\"elementor-element elementor-element-a6bdd30 elementor-widget-divider--view-line elementor-widget elementor-widget-divider\" data-id=\"a6bdd30\" data-element_type=\"widget\" data-e-type=\"widget\" data-widget_type=\"divider.default\">\n\t\t\t\t<div class=\"elementor-widget-container\">\n\t\t\t\t\t\t\t<div class=\"elementor-divider\">\n\t\t\t<span class=\"elementor-divider-separator\">\n\t\t\t\t\t\t<\/span>\n\t\t<\/div>\n\t\t\t\t\t\t<\/div>\n\t\t\t\t<\/div>\n\t\t\t\t<div class=\"elementor-element elementor-element-4a2e97fe elementor-widget elementor-widget-heading\" data-id=\"4a2e97fe\" data-element_type=\"widget\" data-e-type=\"widget\" data-widget_type=\"heading.default\">\n\t\t\t\t<div class=\"elementor-widget-container\">\n\t\t\t\t\t<h4 class=\"elementor-heading-title elementor-size-default\">Cenov\u00e1 nab\u00eddka<\/h4>\t\t\t\t<\/div>\n\t\t\t\t<\/div>\n\t\t\t\t\t<\/div>\n\t\t<\/div>\n\t\t\t\t<div class=\"elementor-column elementor-col-50 elementor-top-column elementor-element elementor-element-221eef5c\" data-id=\"221eef5c\" data-element_type=\"column\" data-e-type=\"column\">\n\t\t\t<div class=\"elementor-widget-wrap elementor-element-populated\">\n\t\t\t\t\t\t<div class=\"elementor-element elementor-element-9012511 elementor-widget elementor-widget-text-editor\" data-id=\"9012511\" data-element_type=\"widget\" data-e-type=\"widget\" data-widget_type=\"text-editor.default\">\n\t\t\t\t<div class=\"elementor-widget-container\">\n\t\t\t\t\t\t\t\t\t<p data-start=\"96\" data-end=\"282\">Konkr\u00e9tn\u00ed, odpov\u011bdnou a v\u00e1\u017en\u011b m\u00edn\u011bnou cenovou nab\u00eddku lze sestavit pouze s ohledem na up\u0159esn\u011bn\u00fd rozsah slu\u017eeb.<\/p><p data-start=\"284\" data-end=\"415\">V p\u0159\u00edpad\u011b \u00fa\u010detnictv\u00ed jde o  konkr\u00e9tn\u00ed po\u010det zpracov\u00e1van\u00fdch doklad\u016f, zam\u011bstnaneck\u00fdch pom\u011br\u016f, zp\u016fsobu p\u0159ed\u00e1v\u00e1n\u00ed dokument\u016f a ostatn\u00edch faktorech.<\/p><p data-start=\"417\" data-end=\"580\">Spojte se s n\u00e1mi pomoc\u00ed n\u00ed\u017ee uveden\u00fdch kontakt\u016f. Ozveme se v\u00e1m zp\u011bt a p\u0159iprav\u00edme cenov\u00fd n\u00e1vrh dle va\u0161ich konkr\u00e9tn\u00edch po\u017eadavk\u016f.<\/p>\t\t\t\t\t\t\t\t<\/div>\n\t\t\t\t<\/div>\n\t\t\t\t\t<\/div>\n\t\t<\/div>\n\t\t\t\t\t<\/div>\n\t\t<\/section>\n\t\t\t\t<section class=\"elementor-section elementor-top-section elementor-element elementor-element-27649690 elementor-section-content-middle elementor-section-boxed elementor-section-height-default elementor-section-height-default\" data-id=\"27649690\" data-element_type=\"section\" data-e-type=\"section\" data-settings=\"{&quot;background_background&quot;:&quot;classic&quot;}\">\n\t\t\t\t\t\t<div class=\"elementor-container elementor-column-gap-no\">\n\t\t\t\t\t<div class=\"elementor-column elementor-col-100 elementor-top-column elementor-element elementor-element-5e641ab3\" data-id=\"5e641ab3\" data-element_type=\"column\" data-e-type=\"column\">\n\t\t\t<div class=\"elementor-widget-wrap elementor-element-populated\">\n\t\t\t\t\t\t<div class=\"elementor-element elementor-element-174d4600 elementor-widget elementor-widget-heading\" data-id=\"174d4600\" data-element_type=\"widget\" data-e-type=\"widget\" data-widget_type=\"heading.default\">\n\t\t\t\t<div class=\"elementor-widget-container\">\n\t\t\t\t\t<h5 class=\"elementor-heading-title elementor-size-default\">Kontakty<\/h5>\t\t\t\t<\/div>\n\t\t\t\t<\/div>\n\t\t\t\t<div class=\"elementor-element elementor-element-56b11ef5 elementor-widget elementor-widget-heading\" data-id=\"56b11ef5\" data-element_type=\"widget\" data-e-type=\"widget\" data-widget_type=\"heading.default\">\n\t\t\t\t<div class=\"elementor-widget-container\">\n\t\t\t\t\t<h4 class=\"elementor-heading-title elementor-size-default\"><a href=\"mailto:%20info@teamvia.cz\">Ing. Ji\u0159\u00ed Havle <br> info@teamvia.cz <br> +420 737 244 915<\/a><\/h4>\t\t\t\t<\/div>\n\t\t\t\t<\/div>\n\t\t\t\t\t<\/div>\n\t\t<\/div>\n\t\t\t\t\t<\/div>\n\t\t<\/section>\n\t\t\t\t<\/div>","protected":false},"excerpt":{"rendered":"<p>About us Accounting &amp; Controlling We provide comprehensive services of externally managed accounting, payroll processing, related tax agendas and reporting. We also have significant experience in the field of financial analysis, implementation and execution of controlling activities.\u00a0 Our Services Outsourcing of Financial Accounting Externally managed accounting according to the Czech [&hellip;]<\/p>","protected":false},"author":1,"featured_media":0,"parent":0,"menu_order":0,"comment_status":"closed","ping_status":"closed","template":"page-templates\/template-pagebuilder-full-width.php","meta":{"footnotes":""},"class_list":["post-829","page","type-page","status-publish","hentry"],"yoast_head":"<!-- This site is optimized with the Yoast SEO plugin v26.9 - https:\/\/yoast.com\/product\/yoast-seo-wordpress\/ -->\n<title>\u00da\u010detnictv\u00ed - Consulting-Accounting-Logistics<\/title>\n<meta name=\"robots\" content=\"noindex, follow, max-snippet:-1, max-image-preview:large, max-video-preview:-1\" \/>\n<meta property=\"og:locale\" content=\"cs_CZ\" \/>\n<meta property=\"og:type\" content=\"article\" \/>\n<meta property=\"og:title\" content=\"\u00da\u010detnictv\u00ed - Consulting-Accounting-Logistics\" \/>\n<meta property=\"og:description\" content=\"About us Accounting &amp; Controlling We provide comprehensive services of externally managed accounting, payroll processing, related tax agendas and reporting. We also have significant experience in the field of financial analysis, implementation and execution of controlling activities.\u00a0 Our Services Outsourcing of Financial Accounting Externally managed accounting according to the Czech [&hellip;]\" \/>\n<meta property=\"og:url\" content=\"https:\/\/teamvia.cz\/cz\/ucetnictvi\/\" \/>\n<meta property=\"og:site_name\" content=\"Consulting-Accounting-Logistics\" \/>\n<meta property=\"article:modified_time\" content=\"2026-02-14T20:10:24+00:00\" \/>\n<meta property=\"og:image\" content=\"https:\/\/teamvia.cz\/wp-content\/uploads\/2024\/09\/shutterstock_2462795863-scaled-e1726404859136.jpg\" \/>\n\t<meta property=\"og:image:width\" content=\"1804\" \/>\n\t<meta property=\"og:image:height\" content=\"891\" \/>\n\t<meta property=\"og:image:type\" content=\"image\/jpeg\" \/>\n<meta name=\"twitter:card\" content=\"summary_large_image\" \/>\n<meta name=\"twitter:label1\" content=\"Odhadovan\u00e1 doba \u010dten\u00ed\" \/>\n\t<meta name=\"twitter:data1\" content=\"2 minuty\" \/>\n<script type=\"application\/ld+json\" class=\"yoast-schema-graph\">{\"@context\":\"https:\/\/schema.org\",\"@graph\":[{\"@type\":\"WebPage\",\"@id\":\"https:\/\/teamvia.cz\/ucetnictvi\/\",\"url\":\"https:\/\/teamvia.cz\/ucetnictvi\/\",\"name\":\"\u00da\u010detnictv\u00ed - Consulting-Accounting-Logistics\",\"isPartOf\":{\"@id\":\"https:\/\/teamvia.cz\/#website\"},\"primaryImageOfPage\":{\"@id\":\"https:\/\/teamvia.cz\/ucetnictvi\/#primaryimage\"},\"image\":{\"@id\":\"https:\/\/teamvia.cz\/ucetnictvi\/#primaryimage\"},\"thumbnailUrl\":\"https:\/\/teamvia.cz\/wp-content\/uploads\/2024\/09\/shutterstock_2462795863-scaled-e1726404859136.jpg\",\"datePublished\":\"2024-09-07T15:10:58+00:00\",\"dateModified\":\"2026-02-14T20:10:24+00:00\",\"breadcrumb\":{\"@id\":\"https:\/\/teamvia.cz\/ucetnictvi\/#breadcrumb\"},\"inLanguage\":\"cs\",\"potentialAction\":[{\"@type\":\"ReadAction\",\"target\":[\"https:\/\/teamvia.cz\/ucetnictvi\/\"]}]},{\"@type\":\"ImageObject\",\"inLanguage\":\"cs\",\"@id\":\"https:\/\/teamvia.cz\/ucetnictvi\/#primaryimage\",\"url\":\"https:\/\/teamvia.cz\/wp-content\/uploads\/2024\/09\/shutterstock_2462795863-scaled-e1726404859136.jpg\",\"contentUrl\":\"https:\/\/teamvia.cz\/wp-content\/uploads\/2024\/09\/shutterstock_2462795863-scaled-e1726404859136.jpg\"},{\"@type\":\"BreadcrumbList\",\"@id\":\"https:\/\/teamvia.cz\/ucetnictvi\/#breadcrumb\",\"itemListElement\":[{\"@type\":\"ListItem\",\"position\":1,\"name\":\"Dom\u016f\",\"item\":\"https:\/\/teamvia.cz\/\"},{\"@type\":\"ListItem\",\"position\":2,\"name\":\"\u00da\u010detnictv\u00ed\"}]},{\"@type\":\"WebSite\",\"@id\":\"https:\/\/teamvia.cz\/#website\",\"url\":\"https:\/\/teamvia.cz\/\",\"name\":\"Teamvia\",\"description\":\"\",\"publisher\":{\"@id\":\"https:\/\/teamvia.cz\/#organization\"},\"potentialAction\":[{\"@type\":\"SearchAction\",\"target\":{\"@type\":\"EntryPoint\",\"urlTemplate\":\"https:\/\/teamvia.cz\/?s={search_term_string}\"},\"query-input\":{\"@type\":\"PropertyValueSpecification\",\"valueRequired\":true,\"valueName\":\"search_term_string\"}}],\"inLanguage\":\"cs\"},{\"@type\":\"Organization\",\"@id\":\"https:\/\/teamvia.cz\/#organization\",\"name\":\"TeamVia\",\"url\":\"https:\/\/teamvia.cz\/\",\"logo\":{\"@type\":\"ImageObject\",\"inLanguage\":\"cs\",\"@id\":\"https:\/\/teamvia.cz\/#\/schema\/logo\/image\/\",\"url\":\"https:\/\/teamvia.cz\/wp-content\/uploads\/2025\/02\/Logo-TeamVia-incl.-Trademart.jpg\",\"contentUrl\":\"https:\/\/teamvia.cz\/wp-content\/uploads\/2025\/02\/Logo-TeamVia-incl.-Trademart.jpg\",\"width\":203,\"height\":44,\"caption\":\"TeamVia\"},\"image\":{\"@id\":\"https:\/\/teamvia.cz\/#\/schema\/logo\/image\/\"}}]}<\/script>\n<!-- \/ Yoast SEO plugin. -->","yoast_head_json":{"title":"\u00da\u010detnictv\u00ed - Consulting-Accounting-Logistics","robots":{"index":"noindex","follow":"follow","max-snippet":"max-snippet:-1","max-image-preview":"max-image-preview:large","max-video-preview":"max-video-preview:-1"},"og_locale":"cs_CZ","og_type":"article","og_title":"\u00da\u010detnictv\u00ed - Consulting-Accounting-Logistics","og_description":"About us Accounting &amp; Controlling We provide comprehensive services of externally managed accounting, payroll processing, related tax agendas and reporting. We also have significant experience in the field of financial analysis, implementation and execution of controlling activities.\u00a0 Our Services Outsourcing of Financial Accounting Externally managed accounting according to the Czech [&hellip;]","og_url":"https:\/\/teamvia.cz\/cz\/ucetnictvi\/","og_site_name":"Consulting-Accounting-Logistics","article_modified_time":"2026-02-14T20:10:24+00:00","og_image":[{"width":1804,"height":891,"url":"https:\/\/teamvia.cz\/wp-content\/uploads\/2024\/09\/shutterstock_2462795863-scaled-e1726404859136.jpg","type":"image\/jpeg"}],"twitter_card":"summary_large_image","twitter_misc":{"Odhadovan\u00e1 doba \u010dten\u00ed":"2 minuty"},"schema":{"@context":"https:\/\/schema.org","@graph":[{"@type":"WebPage","@id":"https:\/\/teamvia.cz\/ucetnictvi\/","url":"https:\/\/teamvia.cz\/ucetnictvi\/","name":"\u00da\u010detnictv\u00ed - Consulting-Accounting-Logistics","isPartOf":{"@id":"https:\/\/teamvia.cz\/#website"},"primaryImageOfPage":{"@id":"https:\/\/teamvia.cz\/ucetnictvi\/#primaryimage"},"image":{"@id":"https:\/\/teamvia.cz\/ucetnictvi\/#primaryimage"},"thumbnailUrl":"https:\/\/teamvia.cz\/wp-content\/uploads\/2024\/09\/shutterstock_2462795863-scaled-e1726404859136.jpg","datePublished":"2024-09-07T15:10:58+00:00","dateModified":"2026-02-14T20:10:24+00:00","breadcrumb":{"@id":"https:\/\/teamvia.cz\/ucetnictvi\/#breadcrumb"},"inLanguage":"cs","potentialAction":[{"@type":"ReadAction","target":["https:\/\/teamvia.cz\/ucetnictvi\/"]}]},{"@type":"ImageObject","inLanguage":"cs","@id":"https:\/\/teamvia.cz\/ucetnictvi\/#primaryimage","url":"https:\/\/teamvia.cz\/wp-content\/uploads\/2024\/09\/shutterstock_2462795863-scaled-e1726404859136.jpg","contentUrl":"https:\/\/teamvia.cz\/wp-content\/uploads\/2024\/09\/shutterstock_2462795863-scaled-e1726404859136.jpg"},{"@type":"BreadcrumbList","@id":"https:\/\/teamvia.cz\/ucetnictvi\/#breadcrumb","itemListElement":[{"@type":"ListItem","position":1,"name":"Dom\u016f","item":"https:\/\/teamvia.cz\/"},{"@type":"ListItem","position":2,"name":"\u00da\u010detnictv\u00ed"}]},{"@type":"WebSite","@id":"https:\/\/teamvia.cz\/#website","url":"https:\/\/teamvia.cz\/","name":"Teamvia","description":"","publisher":{"@id":"https:\/\/teamvia.cz\/#organization"},"potentialAction":[{"@type":"SearchAction","target":{"@type":"EntryPoint","urlTemplate":"https:\/\/teamvia.cz\/?s={search_term_string}"},"query-input":{"@type":"PropertyValueSpecification","valueRequired":true,"valueName":"search_term_string"}}],"inLanguage":"cs"},{"@type":"Organization","@id":"https:\/\/teamvia.cz\/#organization","name":"TeamVia","url":"https:\/\/teamvia.cz\/","logo":{"@type":"ImageObject","inLanguage":"cs","@id":"https:\/\/teamvia.cz\/#\/schema\/logo\/image\/","url":"https:\/\/teamvia.cz\/wp-content\/uploads\/2025\/02\/Logo-TeamVia-incl.-Trademart.jpg","contentUrl":"https:\/\/teamvia.cz\/wp-content\/uploads\/2025\/02\/Logo-TeamVia-incl.-Trademart.jpg","width":203,"height":44,"caption":"TeamVia"},"image":{"@id":"https:\/\/teamvia.cz\/#\/schema\/logo\/image\/"}}]}},"_links":{"self":[{"href":"https:\/\/teamvia.cz\/cz\/wp-json\/wp\/v2\/pages\/829","targetHints":{"allow":["GET"]}}],"collection":[{"href":"https:\/\/teamvia.cz\/cz\/wp-json\/wp\/v2\/pages"}],"about":[{"href":"https:\/\/teamvia.cz\/cz\/wp-json\/wp\/v2\/types\/page"}],"author":[{"embeddable":true,"href":"https:\/\/teamvia.cz\/cz\/wp-json\/wp\/v2\/users\/1"}],"replies":[{"embeddable":true,"href":"https:\/\/teamvia.cz\/cz\/wp-json\/wp\/v2\/comments?post=829"}],"version-history":[{"count":316,"href":"https:\/\/teamvia.cz\/cz\/wp-json\/wp\/v2\/pages\/829\/revisions"}],"predecessor-version":[{"id":3109,"href":"https:\/\/teamvia.cz\/cz\/wp-json\/wp\/v2\/pages\/829\/revisions\/3109"}],"wp:attachment":[{"href":"https:\/\/teamvia.cz\/cz\/wp-json\/wp\/v2\/media?parent=829"}],"curies":[{"name":"wp","href":"https:\/\/api.w.org\/{rel}","templated":true}]}}